{"id":265,"date":"2020-04-11T20:19:01","date_gmt":"2020-04-11T20:19:01","guid":{"rendered":"https:\/\/kpengineering.be\/?page_id=265"},"modified":"2020-04-11T20:20:53","modified_gmt":"2020-04-11T20:20:53","slug":"technologie-de-mesure-et-de-controle-automatisation","status":"publish","type":"page","link":"https:\/\/kpengineering.be\/fr\/technologie-de-mesure-et-de-controle-automatisation","title":{"rendered":"Technologie de mesure et de contr\u00f4le \/ automatisation"},"content":{"rendered":"\n  <div id=\"page-header-2120823464\" class=\"page-header-wrapper\">\n  <div class=\"page-title dark featured-title has-parallax\">\n\n        <div class=\"page-title-bg\">\n      <div class=\"title-bg fill bg-fill\"\n        data-parallax-container=\".page-title\"\n        data-parallax-background\n        data-parallax=\"-10\">\n      <\/div>\n      <div class=\"title-overlay fill\"><\/div>\n    <\/div>\n    \n    <div class=\"page-title-inner container align-center text-center flex-row-col medium-flex-wrap\" >\n              <div class=\"title-wrapper uppercase is-larger flex-col\">\n          <h1 class=\"entry-title mb-0\">\n            Technologie de mesure et de contr\u00f4le \/ automatisation          <\/h1>\n        <\/div>\n                    <div class=\"title-content flex-col\">\n              <\/div>\n    <\/div>\n\n     \n<style>\n#page-header-2120823464 .page-title-inner {\n  min-height: 200px;\n}\n#page-header-2120823464 .title-bg {\n  background-image: url(https:\/\/kpengineering.be\/wp-content\/uploads\/2020\/04\/auto2-1.jpg);\n  background-position: 76% 94%;\n}\n#page-header-2120823464 .title-overlay {\n  background-color: rgba(0,0,0,.5);\n}\n<\/style>\n  <\/div>\n    <\/div>\n  \n\n\t<div id=\"gap-1501854886\" class=\"gap-element clearfix\" style=\"display:block; height:auto;\">\n\t\t\n<style>\n#gap-1501854886 {\n  padding-top: 50px;\n}\n<\/style>\n\t<\/div>\n\t\n\n<div class=\"row align-equal row-divided\"  id=\"row-467653752\">\n\n\n\t<div id=\"col-1533631687\" class=\"col fixed_menu medium-12 small-12 large-4\"  >\n\t\t\t\t<div class=\"col-inner\"  >\n\t\t\t\n\t\t\t\n\n\t<div id=\"gap-1572013564\" class=\"gap-element clearfix\" style=\"display:block; height:auto;\">\n\t\t\n<style>\n#gap-1572013564 {\n  padding-top: 50px;\n}\n<\/style>\n\t<\/div>\n\t\n\n<div class=\"row row-collapse row-box-shadow-1\"  id=\"row-511876084\">\n\n\n\t<div id=\"col-148020626\" class=\"col small-12 large-12\"  >\n\t\t\t\t<div class=\"col-inner\"  >\n\t\t\t\n\t\t\t\n\n<ul class=\"tm-all-post-list\">\n<li><a href=\"https:\/\/kpengineering.be\/fr\/systemes-de-pesage\/\">Syst\u00e8mes de pesage<\/a><\/li>\n<li class=\"\"><a href=\"https:\/\/kpengineering.be\/fr\/systeme-de-transport-et-de-dosage\/\">Syst\u00e8me de transport et de dosage<\/a><\/li>\n<li><a href=\"https:\/\/kpengineering.be\/fr\/systeme-de-melange\/\">Syst\u00e8me de M\u00e9lange<\/a><\/li>\n<li><a href=\"https:\/\/kpengineering.be\/fr\/technologie-de-mesure-et-de-controle-automatisation\/\">Technologie de Mesure et de Contr\u00f4le \/ Automatisation<\/a><\/li>\n<li><a href=\"https:\/\/kpengineering.be\/fr\/installations-de-depoussierage\/\">Installations-de-depoussierage<\/a><\/li>\n<\/ul>\n\n\t\t<\/div>\n\t\t\t\t\t<\/div>\n\n\t\n\n\n<style>\n#row-511876084 > .col > .col-inner {\n  padding: 5% 5% 5% 5%;\n  background-color: rgb(255, 255, 255);\n}\n<\/style>\n<\/div>\n\n\n\t\t<\/div>\n\t\t\t\t\t<\/div>\n\n\t\n\n\t<div id=\"col-1347958354\" class=\"col medium-12 small-12 large-8 medium-col-first\"  >\n\t\t\t\t<div class=\"col-inner\"  >\n\t\t\t\n\t\t\t\n\n<h3>Conception, c\u00e2blage et programmation des panneaux de commande \u00e9lectriques<\/h3>\n<p><strong>Int\u00e9gration dans des syst\u00e8mes nouveaux ou existants de<\/strong><\/p>\n<ul>\n<li class=\"bullet-checkmark\">Technologie de mesure et de contr\u00f4le<\/li>\n<li class=\"bullet-checkmark\">PLC ou \u00c9cran tactile<\/li>\n<li class=\"bullet-checkmark\">D\u00e9marreur progressif ou convertisseur de fr\u00e9quence<\/li>\n<li class=\"bullet-checkmark\">Components (contr\u00f4leur, vannes automatiques, pompes, compteurs, etc.)<\/li>\n<li class=\"bullet-checkmark\">Vente directe de Schneider plc &#8211; \u00e9cran tactile &#8211; convertisseur de fr\u00e9quence &#8211; d\u00e9marreur progressif<\/li>\n<li class=\"bullet-checkmark\">Aux prix de gros, demandez un devis gratuit!<\/li>\n<\/ul>\n\n  \n    <div id=\"gallery-590266785\" class=\"row large-columns-2 medium-columns- small-columns- row-xsmall row-masonry\" data-packery-options='{\"itemSelector\": \".col\", \"gutter\": 0, \"presentageWidth\" : true}'>\n\n  <div class=\"gallery-col col\" >\n          <div class=\"col-inner\">\n            <a class=\"image-lightbox lightbox-gallery\" href=\"https:\/\/kpengineering.be\/wp-content\/uploads\/2020\/04\/auto-6.jpg\" title=\"\">            <div class=\"box has-hover gallery-box box-none\">\n              <div class=\"box-image\" >\n                <img loading=\"lazy\" decoding=\"async\" width=\"1500\" height=\"2000\" src=\"https:\/\/kpengineering.be\/wp-content\/uploads\/2020\/04\/auto-6.jpg\" class=\"attachment-original size-original\" alt=\"\" ids=\"170,171,172,173,174,169\" style=\"none\" lightbox_image_size=\"original\" type=\"masonry\" col_spacing=\"xsmall\" columns=\"2\" image_size=\"original\" srcset=\"https:\/\/kpengineering.be\/wp-content\/uploads\/2020\/04\/auto-6.jpg 1500w, https:\/\/kpengineering.be\/wp-content\/uploads\/2020\/04\/auto-6-225x300.jpg 225w, https:\/\/kpengineering.be\/wp-content\/uploads\/2020\/04\/auto-6-768x1024.jpg 768w, https:\/\/kpengineering.be\/wp-content\/uploads\/2020\/04\/auto-6-1152x1536.jpg 1152w\" sizes=\"auto, (max-width: 1500px) 100vw, 1500px\" \/>                                                              <\/div>\n              <div class=\"box-text text-left\" >\n                 <p><\/p>\n              <\/div>\n            <\/div>\n            <\/a>          <\/div>\n         <\/div><div class=\"gallery-col col\" >\n          <div class=\"col-inner\">\n            <a class=\"image-lightbox lightbox-gallery\" href=\"https:\/\/kpengineering.be\/wp-content\/uploads\/2020\/04\/auto3.jpg\" title=\"KONICA MINOLTA DIGITAL CAMERA\">            <div class=\"box has-hover gallery-box box-none\">\n              <div class=\"box-image\" >\n                <img loading=\"lazy\" decoding=\"async\" width=\"1500\" height=\"2000\" src=\"https:\/\/kpengineering.be\/wp-content\/uploads\/2020\/04\/auto3.jpg\" class=\"attachment-original size-original\" alt=\"\" ids=\"170,171,172,173,174,169\" style=\"none\" lightbox_image_size=\"original\" type=\"masonry\" col_spacing=\"xsmall\" columns=\"2\" image_size=\"original\" srcset=\"https:\/\/kpengineering.be\/wp-content\/uploads\/2020\/04\/auto3.jpg 1500w, https:\/\/kpengineering.be\/wp-content\/uploads\/2020\/04\/auto3-225x300.jpg 225w, https:\/\/kpengineering.be\/wp-content\/uploads\/2020\/04\/auto3-768x1024.jpg 768w, https:\/\/kpengineering.be\/wp-content\/uploads\/2020\/04\/auto3-1152x1536.jpg 1152w\" sizes=\"auto, (max-width: 1500px) 100vw, 1500px\" \/>                                                              <\/div>\n              <div class=\"box-text text-left\" >\n                 <p>KONICA MINOLTA DIGITAL CAMERA<\/p>\n              <\/div>\n            <\/div>\n            <\/a>          <\/div>\n         <\/div><div class=\"gallery-col col\" >\n          <div class=\"col-inner\">\n            <a class=\"image-lightbox lightbox-gallery\" href=\"https:\/\/kpengineering.be\/wp-content\/uploads\/2020\/04\/auto4.jpg\" title=\"\">            <div class=\"box has-hover gallery-box box-none\">\n              <div class=\"box-image\" >\n                <img loading=\"lazy\" decoding=\"async\" width=\"1500\" height=\"2000\" src=\"https:\/\/kpengineering.be\/wp-content\/uploads\/2020\/04\/auto4.jpg\" class=\"attachment-original size-original\" alt=\"\" ids=\"170,171,172,173,174,169\" style=\"none\" lightbox_image_size=\"original\" type=\"masonry\" col_spacing=\"xsmall\" columns=\"2\" image_size=\"original\" srcset=\"https:\/\/kpengineering.be\/wp-content\/uploads\/2020\/04\/auto4.jpg 1500w, https:\/\/kpengineering.be\/wp-content\/uploads\/2020\/04\/auto4-225x300.jpg 225w, https:\/\/kpengineering.be\/wp-content\/uploads\/2020\/04\/auto4-768x1024.jpg 768w, https:\/\/kpengineering.be\/wp-content\/uploads\/2020\/04\/auto4-1152x1536.jpg 1152w\" sizes=\"auto, (max-width: 1500px) 100vw, 1500px\" \/>                                                              <\/div>\n              <div class=\"box-text text-left\" >\n                 <p><\/p>\n              <\/div>\n            <\/div>\n            <\/a>          <\/div>\n         <\/div><div class=\"gallery-col col\" >\n          <div class=\"col-inner\">\n            <a class=\"image-lightbox lightbox-gallery\" href=\"https:\/\/kpengineering.be\/wp-content\/uploads\/2020\/04\/auto5.jpg\" title=\"\">            <div class=\"box has-hover gallery-box box-none\">\n              <div class=\"box-image\" >\n                <img loading=\"lazy\" decoding=\"async\" width=\"480\" height=\"640\" src=\"https:\/\/kpengineering.be\/wp-content\/uploads\/2020\/04\/auto5.jpg\" class=\"attachment-original size-original\" alt=\"\" ids=\"170,171,172,173,174,169\" style=\"none\" lightbox_image_size=\"original\" type=\"masonry\" col_spacing=\"xsmall\" columns=\"2\" image_size=\"original\" srcset=\"https:\/\/kpengineering.be\/wp-content\/uploads\/2020\/04\/auto5.jpg 480w, https:\/\/kpengineering.be\/wp-content\/uploads\/2020\/04\/auto5-225x300.jpg 225w\" sizes=\"auto, (max-width: 480px) 100vw, 480px\" \/>                                                              <\/div>\n              <div class=\"box-text text-left\" >\n                 <p><\/p>\n              <\/div>\n            <\/div>\n            <\/a>          <\/div>\n         <\/div><div class=\"gallery-col col\" >\n          <div class=\"col-inner\">\n            <a class=\"image-lightbox lightbox-gallery\" href=\"https:\/\/kpengineering.be\/wp-content\/uploads\/2020\/04\/auto7.jpg\" title=\"\">            <div class=\"box has-hover gallery-box box-none\">\n              <div class=\"box-image\" >\n                <img loading=\"lazy\" decoding=\"async\" width=\"1510\" height=\"2013\" src=\"https:\/\/kpengineering.be\/wp-content\/uploads\/2020\/04\/auto7.jpg\" class=\"attachment-original size-original\" alt=\"\" ids=\"170,171,172,173,174,169\" style=\"none\" lightbox_image_size=\"original\" type=\"masonry\" col_spacing=\"xsmall\" columns=\"2\" image_size=\"original\" srcset=\"https:\/\/kpengineering.be\/wp-content\/uploads\/2020\/04\/auto7.jpg 1510w, https:\/\/kpengineering.be\/wp-content\/uploads\/2020\/04\/auto7-225x300.jpg 225w, https:\/\/kpengineering.be\/wp-content\/uploads\/2020\/04\/auto7-768x1024.jpg 768w, https:\/\/kpengineering.be\/wp-content\/uploads\/2020\/04\/auto7-1152x1536.jpg 1152w\" sizes=\"auto, (max-width: 1510px) 100vw, 1510px\" \/>                                                              <\/div>\n              <div class=\"box-text text-left\" >\n                 <p><\/p>\n              <\/div>\n            <\/div>\n            <\/a>          <\/div>\n         <\/div><div class=\"gallery-col col\" >\n          <div class=\"col-inner\">\n            <a class=\"image-lightbox lightbox-gallery\" href=\"https:\/\/kpengineering.be\/wp-content\/uploads\/2020\/04\/auto8.jpg\" title=\"\">            <div class=\"box has-hover gallery-box box-none\">\n              <div class=\"box-image\" >\n                <img loading=\"lazy\" decoding=\"async\" width=\"1500\" height=\"2000\" src=\"https:\/\/kpengineering.be\/wp-content\/uploads\/2020\/04\/auto8.jpg\" class=\"attachment-original size-original\" alt=\"\" ids=\"170,171,172,173,174,169\" style=\"none\" lightbox_image_size=\"original\" type=\"masonry\" col_spacing=\"xsmall\" columns=\"2\" image_size=\"original\" srcset=\"https:\/\/kpengineering.be\/wp-content\/uploads\/2020\/04\/auto8.jpg 1500w, https:\/\/kpengineering.be\/wp-content\/uploads\/2020\/04\/auto8-225x300.jpg 225w, https:\/\/kpengineering.be\/wp-content\/uploads\/2020\/04\/auto8-768x1024.jpg 768w, https:\/\/kpengineering.be\/wp-content\/uploads\/2020\/04\/auto8-1152x1536.jpg 1152w\" sizes=\"auto, (max-width: 1500px) 100vw, 1500px\" \/>                                                              <\/div>\n              <div class=\"box-text text-left\" >\n                 <p><\/p>\n              <\/div>\n            <\/div>\n            <\/a>          <\/div>\n         <\/div><\/div>\n\n\n\t\t<\/div>\n\t\t\t\t\t<\/div>\n\n\t\n\n<\/div>\n\t<div id=\"gap-1413315234\" class=\"gap-element clearfix\" style=\"display:block; height:auto;\">\n\t\t\n<style>\n#gap-1413315234 {\n  padding-top: 50px;\n}\n<\/style>\n\t<\/div>\n\t\n\n\n  <div class=\"banner has-hover gradient_bkgr\" id=\"banner-300376068\">\n          <div class=\"banner-inner fill\">\n        <div class=\"banner-bg fill\" >\n            <img loading=\"lazy\" decoding=\"async\" width=\"1000\" height=\"667\" src=\"https:\/\/kpengineering.be\/wp-content\/uploads\/2020\/04\/znI8ghmNpP.jpg\" class=\"bg attachment-original size-original\" alt=\"\" \/>                        <div class=\"overlay\"><\/div>            \n                    <\/div>\n\t\t\n        <div class=\"banner-layers container\">\n            <div class=\"fill banner-link\"><\/div>            \n\n   <div id=\"text-box-822180204\" class=\"text-box banner-layer x50 md-x50 lg-x50 y50 md-y50 lg-y50 res-text\">\n                                <div class=\"text-box-content text dark\">\n              \n              <div class=\"text-inner text-center\">\n                  \n\n<h3 data-line-height=\"l\"><strong>Vous pouvez nous contacter pour tous ces ajustements majeurs et mineurs, nous passerons pour une consultation sans engagement!<\/strong><\/h3>\n\t<div id=\"gap-72609685\" class=\"gap-element clearfix\" style=\"display:block; height:auto;\">\n\t\t\n<style>\n#gap-72609685 {\n  padding-top: 40px;\n}\n<\/style>\n\t<\/div>\n\t\n\n<a href=\"tel:0499%2076%2078%2031\" class=\"button secondary lowercase\"  >\n\t\t<span>Appel: 0499 76 78 31<\/span>\n\t<\/a>\n\n\n<a href=\"https:\/\/kpengineering.be\/fr\/nous-contacter\/\" class=\"button secondary lowercase\"  >\n\t\t<span>Contact<\/span>\n\t<\/a>\n\n\n\n              <\/div>\n           <\/div>\n                            \n<style>\n#text-box-822180204 {\n  width: 90%;\n}\n#text-box-822180204 .text-box-content {\n  font-size: 120%;\n}\n@media (min-width:550px) {\n  #text-box-822180204 {\n    width: 70%;\n  }\n  #text-box-822180204 .text-box-content {\n    font-size: 100%;\n  }\n}\n<\/style>\n    <\/div>\n \n\n        <\/div>\n      <\/div>\n\n            \n<style>\n#banner-300376068 {\n  padding-top: 530px;\n}\n#banner-300376068 .overlay {\n  background-color: rgba(0,0,0,.5);\n}\n#banner-300376068 .banner-bg img {\n  object-position: 64% 31%;\n}\n@media (min-width:550px) {\n  #banner-300376068 {\n    padding-top: 500px;\n  }\n}\n<\/style>\n  <\/div>\n\n\n\n\n","protected":false},"excerpt":{"rendered":"","protected":false},"author":1,"featured_media":0,"parent":0,"menu_order":4,"comment_status":"closed","ping_status":"closed","template":"","meta":{"_monsterinsights_skip_tracking":false,"_monsterinsights_sitenote_active":false,"_monsterinsights_sitenote_note":"","_monsterinsights_sitenote_category":0,"footnotes":""},"class_list":["post-265","page","type-page","status-publish","hentry"],"yoast_head":"<!-- This site is optimized with the Yoast SEO plugin v26.2 - https:\/\/yoast.com\/wordpress\/plugins\/seo\/ -->\n<title>Technologie de mesure et de contr\u00f4le \/ automatisation - KP Engineering<\/title>\n<meta name=\"robots\" content=\"index, follow, max-snippet:-1, max-image-preview:large, max-video-preview:-1\" \/>\n<link rel=\"canonical\" href=\"https:\/\/kpengineering.be\/fr\/technologie-de-mesure-et-de-controle-automatisation\" \/>\n<meta property=\"og:locale\" content=\"fr_FR\" \/>\n<meta property=\"og:type\" content=\"article\" \/>\n<meta property=\"og:title\" content=\"Technologie de mesure et de contr\u00f4le \/ automatisation - KP Engineering\" \/>\n<meta property=\"og:url\" content=\"https:\/\/kpengineering.be\/fr\/technologie-de-mesure-et-de-controle-automatisation\" \/>\n<meta property=\"og:site_name\" content=\"KP Engineering\" \/>\n<meta property=\"article:modified_time\" content=\"2020-04-11T20:20:53+00:00\" \/>\n<meta name=\"twitter:card\" content=\"summary_large_image\" \/>\n<meta name=\"twitter:label1\" content=\"Dur\u00e9e de lecture estim\u00e9e\" \/>\n\t<meta name=\"twitter:data1\" content=\"1 minute\" \/>\n<script type=\"application\/ld+json\" class=\"yoast-schema-graph\">{\"@context\":\"https:\/\/schema.org\",\"@graph\":[{\"@type\":\"WebPage\",\"@id\":\"https:\/\/kpengineering.be\/fr\/technologie-de-mesure-et-de-controle-automatisation\",\"url\":\"https:\/\/kpengineering.be\/fr\/technologie-de-mesure-et-de-controle-automatisation\",\"name\":\"Technologie de mesure et de contr\u00f4le \/ automatisation - KP Engineering\",\"isPartOf\":{\"@id\":\"https:\/\/kpengineering.be\/#website\"},\"datePublished\":\"2020-04-11T20:19:01+00:00\",\"dateModified\":\"2020-04-11T20:20:53+00:00\",\"breadcrumb\":{\"@id\":\"https:\/\/kpengineering.be\/fr\/technologie-de-mesure-et-de-controle-automatisation#breadcrumb\"},\"inLanguage\":\"fr-FR\",\"potentialAction\":[{\"@type\":\"ReadAction\",\"target\":[\"https:\/\/kpengineering.be\/fr\/technologie-de-mesure-et-de-controle-automatisation\"]}]},{\"@type\":\"BreadcrumbList\",\"@id\":\"https:\/\/kpengineering.be\/fr\/technologie-de-mesure-et-de-controle-automatisation#breadcrumb\",\"itemListElement\":[{\"@type\":\"ListItem\",\"position\":1,\"name\":\"Home\",\"item\":\"https:\/\/kpengineering.be\/fr\"},{\"@type\":\"ListItem\",\"position\":2,\"name\":\"Technologie de mesure et de contr\u00f4le \/ automatisation\"}]},{\"@type\":\"WebSite\",\"@id\":\"https:\/\/kpengineering.be\/#website\",\"url\":\"https:\/\/kpengineering.be\/\",\"name\":\"KP Engineering\",\"description\":\"\",\"publisher\":{\"@id\":\"https:\/\/kpengineering.be\/#organization\"},\"potentialAction\":[{\"@type\":\"SearchAction\",\"target\":{\"@type\":\"EntryPoint\",\"urlTemplate\":\"https:\/\/kpengineering.be\/?s={search_term_string}\"},\"query-input\":{\"@type\":\"PropertyValueSpecification\",\"valueRequired\":true,\"valueName\":\"search_term_string\"}}],\"inLanguage\":\"fr-FR\"},{\"@type\":\"Organization\",\"@id\":\"https:\/\/kpengineering.be\/#organization\",\"name\":\"KP Engineering\",\"url\":\"https:\/\/kpengineering.be\/\",\"logo\":{\"@type\":\"ImageObject\",\"inLanguage\":\"fr-FR\",\"@id\":\"https:\/\/kpengineering.be\/#\/schema\/logo\/image\/\",\"url\":\"https:\/\/kpengineering.be\/wp-content\/uploads\/2020\/04\/kp-engeering-logo-new.jpg\",\"contentUrl\":\"https:\/\/kpengineering.be\/wp-content\/uploads\/2020\/04\/kp-engeering-logo-new.jpg\",\"width\":372,\"height\":233,\"caption\":\"KP Engineering\"},\"image\":{\"@id\":\"https:\/\/kpengineering.be\/#\/schema\/logo\/image\/\"}}]}<\/script>\n<!-- \/ Yoast SEO plugin. -->","yoast_head_json":{"title":"Technologie de mesure et de contr\u00f4le \/ automatisation - KP Engineering","robots":{"index":"index","follow":"follow","max-snippet":"max-snippet:-1","max-image-preview":"max-image-preview:large","max-video-preview":"max-video-preview:-1"},"canonical":"https:\/\/kpengineering.be\/fr\/technologie-de-mesure-et-de-controle-automatisation","og_locale":"fr_FR","og_type":"article","og_title":"Technologie de mesure et de contr\u00f4le \/ automatisation - KP Engineering","og_url":"https:\/\/kpengineering.be\/fr\/technologie-de-mesure-et-de-controle-automatisation","og_site_name":"KP Engineering","article_modified_time":"2020-04-11T20:20:53+00:00","twitter_card":"summary_large_image","twitter_misc":{"Dur\u00e9e de lecture estim\u00e9e":"1 minute"},"schema":{"@context":"https:\/\/schema.org","@graph":[{"@type":"WebPage","@id":"https:\/\/kpengineering.be\/fr\/technologie-de-mesure-et-de-controle-automatisation","url":"https:\/\/kpengineering.be\/fr\/technologie-de-mesure-et-de-controle-automatisation","name":"Technologie de mesure et de contr\u00f4le \/ automatisation - KP Engineering","isPartOf":{"@id":"https:\/\/kpengineering.be\/#website"},"datePublished":"2020-04-11T20:19:01+00:00","dateModified":"2020-04-11T20:20:53+00:00","breadcrumb":{"@id":"https:\/\/kpengineering.be\/fr\/technologie-de-mesure-et-de-controle-automatisation#breadcrumb"},"inLanguage":"fr-FR","potentialAction":[{"@type":"ReadAction","target":["https:\/\/kpengineering.be\/fr\/technologie-de-mesure-et-de-controle-automatisation"]}]},{"@type":"BreadcrumbList","@id":"https:\/\/kpengineering.be\/fr\/technologie-de-mesure-et-de-controle-automatisation#breadcrumb","itemListElement":[{"@type":"ListItem","position":1,"name":"Home","item":"https:\/\/kpengineering.be\/fr"},{"@type":"ListItem","position":2,"name":"Technologie de mesure et de contr\u00f4le \/ automatisation"}]},{"@type":"WebSite","@id":"https:\/\/kpengineering.be\/#website","url":"https:\/\/kpengineering.be\/","name":"KP Engineering","description":"","publisher":{"@id":"https:\/\/kpengineering.be\/#organization"},"potentialAction":[{"@type":"SearchAction","target":{"@type":"EntryPoint","urlTemplate":"https:\/\/kpengineering.be\/?s={search_term_string}"},"query-input":{"@type":"PropertyValueSpecification","valueRequired":true,"valueName":"search_term_string"}}],"inLanguage":"fr-FR"},{"@type":"Organization","@id":"https:\/\/kpengineering.be\/#organization","name":"KP Engineering","url":"https:\/\/kpengineering.be\/","logo":{"@type":"ImageObject","inLanguage":"fr-FR","@id":"https:\/\/kpengineering.be\/#\/schema\/logo\/image\/","url":"https:\/\/kpengineering.be\/wp-content\/uploads\/2020\/04\/kp-engeering-logo-new.jpg","contentUrl":"https:\/\/kpengineering.be\/wp-content\/uploads\/2020\/04\/kp-engeering-logo-new.jpg","width":372,"height":233,"caption":"KP Engineering"},"image":{"@id":"https:\/\/kpengineering.be\/#\/schema\/logo\/image\/"}}]}},"_links":{"self":[{"href":"https:\/\/kpengineering.be\/fr\/wp-json\/wp\/v2\/pages\/265","targetHints":{"allow":["GET"]}}],"collection":[{"href":"https:\/\/kpengineering.be\/fr\/wp-json\/wp\/v2\/pages"}],"about":[{"href":"https:\/\/kpengineering.be\/fr\/wp-json\/wp\/v2\/types\/page"}],"author":[{"embeddable":true,"href":"https:\/\/kpengineering.be\/fr\/wp-json\/wp\/v2\/users\/1"}],"replies":[{"embeddable":true,"href":"https:\/\/kpengineering.be\/fr\/wp-json\/wp\/v2\/comments?post=265"}],"version-history":[{"count":3,"href":"https:\/\/kpengineering.be\/fr\/wp-json\/wp\/v2\/pages\/265\/revisions"}],"predecessor-version":[{"id":268,"href":"https:\/\/kpengineering.be\/fr\/wp-json\/wp\/v2\/pages\/265\/revisions\/268"}],"wp:attachment":[{"href":"https:\/\/kpengineering.be\/fr\/wp-json\/wp\/v2\/media?parent=265"}],"curies":[{"name":"wp","href":"https:\/\/api.w.org\/{rel}","templated":true}]}}